{"id":22377,"date":"2026-01-18T21:01:18","date_gmt":"2026-01-18T21:01:18","guid":{"rendered":"https:\/\/www.kallitexneion.gr\/?post_type=product&#038;p=22377"},"modified":"2026-01-18T21:03:29","modified_gmt":"2026-01-18T21:03:29","slug":"laba-me-fos-uv-minilamp-6-led","status":"publish","type":"product","link":"https:\/\/www.kallitexneion.gr\/en\/p\/laba-me-fos-uv-minilamp-6-led\/","title":{"rendered":"\u039b\u03ac\u03bc\u03c0\u03b1 \u03bc\u03b5 \u03c6\u03c9\u03c2 UV Minilamp 6 LED"},"content":{"rendered":"<div class=\"elementor-element elementor-element-d918bbd wd-single-content elementor-widget elementor-widget-wd_single_product_content\" data-id=\"d918bbd\" data-element_type=\"widget\" data-widget_type=\"wd_single_product_content.default\">\n<div class=\"elementor-widget-container\">\n<ul>\n<li>\u0395\u03b9\u03b4\u03b9\u03ba\u03ae \u03bb\u03ac\u03bc\u03c0\u03b1 \u03c0\u03bf\u03c5 \u03b5\u03ba\u03c0\u03ad\u03bc\u03c0\u03b5\u03b9 \u03c6\u03c9\u03c2 UV. \u03a7\u03c1\u03b7\u03c3\u03b9\u03bc\u03bf\u03c0\u03bf\u03b9\u03ae\u03c3\u03c4\u03b5 \u03c4\u03b7\u03bd \u03b3\u03b9\u03b1 \u03bd\u03b1 \u03c3\u03c4\u03b5\u03b3\u03bd\u03ce\u03c3\u03b5\u03c4\u03b5 \u03bc\u03ad\u03c3\u03b1 \u03c3\u03b5 \u03bb\u03af\u03b3\u03b1 \u03bb\u03b5\u03c0\u03c4\u03ac \u03c4\u03b9\u03c2 \u03c1\u03b7\u03c4\u03af\u03bd\u03b5\u03c2 UV resins \u03c4\u03b7\u03c2 Pentart \u03ba\u03b1\u03b9 \u03c4\u03b7\u03bd \u03ba\u03cc\u03bb\u03bb\u03b1 UV glue \u03c4\u03b7\u03c2 Pentart.<\/li>\n<li>\u0397 \u03bb\u03ac\u03bc\u03c0\u03b1 \u03b5\u03af\u03bd\u03b1\u03b9 \u03b1\u03c1\u03ba\u03b5\u03c4\u03ac \u03b4\u03c5\u03bd\u03b1\u03c4\u03ae \u03ba\u03b1\u03b9 \u03b3\u03b9\u2019 \u03b1\u03c5\u03c4\u03cc \u03b5\u03bd\u03b4\u03b5\u03af\u03ba\u03bd\u03c5\u03c4\u03b1\u03b9 \u03b9\u03b4\u03b9\u03b1\u03af\u03c4\u03b5\u03c1\u03b1 \u03b3\u03b9\u03b1 \u03bd\u03b1 \u03c3\u03c4\u03b5\u03b3\u03bd\u03ce\u03c3\u03b5\u03c4\u03b5 \u03c4\u03b7\u03bd \u03c1\u03b7\u03c4\u03af\u03bd\u03b7 \u03ae \u03c4\u03b7\u03bd \u03ba\u03cc\u03bb\u03bb\u03b1 \u03bc\u03ad\u03c3\u03b1 \u03c3\u03b5 \u03ba\u03b1\u03bb\u03bf\u03cd\u03c0\u03b9\u03b1.<\/li>\n<li>\u03a6\u03bf\u03c1\u03c4\u03af\u03b6\u03b5\u03b9 \u03c3\u03b5 \u03b8\u03cd\u03c1\u03b1 USB<\/li>\n<\/ul>\n<p>\u0394\u03b5\u03af\u03c4\u03b5 \u03c3\u03c4\u03bf \u03b2\u03af\u03bd\u03c4\u03b5\u03bf:<\/p>\n<p><iframe loading=\"lazy\" title=\"L\u00e1gy \u00e9s kem\u00e9ny UV gyanta \/\/ UV Resin Hard &amp; Soft\" src=\"https:\/\/www.youtube.com\/embed\/3nT9kgs4c60?feature=oembed\" width=\"500\" height=\"281\" frameborder=\"0\" allowfullscreen=\"allowfullscreen\" data-mce-fragment=\"1\"><\/iframe><\/p>\n<p><iframe loading=\"lazy\" title=\"UV ragaszt\u00f3 \/\/ UV glue\" src=\"https:\/\/www.youtube.com\/embed\/RPXXh51LXxo?feature=oembed\" width=\"500\" height=\"281\" frameborder=\"0\" allowfullscreen=\"allowfullscreen\" data-mce-fragment=\"1\"><\/iframe><\/p>\n<\/div>\n<\/div>","protected":false},"excerpt":{"rendered":"<p>\u0395\u03b9\u03b4\u03b9\u03ba\u03ae \u03bb\u03ac\u03bc\u03c0\u03b1 \u03c0\u03bf\u03c5 \u03b5\u03ba\u03c0\u03ad\u03bc\u03c0\u03b5\u03b9 \u03c6\u03c9\u03c2 UV<\/p>","protected":false},"featured_media":22378,"template":"","meta":[],"_links":{"self":[{"href":"https:\/\/www.kallitexneion.gr\/en\/wp-json\/wp\/v2\/product\/22377"}],"collection":[{"href":"https:\/\/www.kallitexneion.gr\/en\/wp-json\/wp\/v2\/product"}],"about":[{"href":"https:\/\/www.kallitexneion.gr\/en\/wp-json\/wp\/v2\/types\/product"}],"wp:featuredmedia":[{"embeddable":true,"href":"https:\/\/www.kallitexneion.gr\/en\/wp-json\/wp\/v2\/media\/22378"}],"wp:attachment":[{"href":"https:\/\/www.kallitexneion.gr\/en\/wp-json\/wp\/v2\/media?parent=22377"}],"curies":[{"name":"wp","href":"https:\/\/api.w.org\/{rel}","templated":true}]}}