{"id":22365,"date":"2026-01-18T20:42:21","date_gmt":"2026-01-18T20:42:21","guid":{"rendered":"https:\/\/www.kallitexneion.gr\/?post_type=product&#038;p=22365"},"modified":"2026-03-19T17:16:24","modified_gmt":"2026-03-19T17:16:24","slug":"fakos-gia-uv-kolla-kai-ygro-gyali-torch-9-led","status":"publish","type":"product","link":"https:\/\/www.kallitexneion.gr\/en\/p\/fakos-gia-uv-kolla-kai-ygro-gyali-torch-9-led\/","title":{"rendered":"\u03a6\u03b1\u03ba\u03cc\u03c2 \u03b3\u03b9\u03b1 UV \u03ba\u03cc\u03bb\u03bb\u03b1 \u03ba\u03b1\u03b9 \u03c5\u03b3\u03c1\u03cc \u03b3\u03c5\u03b1\u03bb\u03af torch 9 LED"},"content":{"rendered":"<ul>\n<li>\u03a6\u03b1\u03ba\u03cc\u03c2 \u03c0\u03bf\u03c5 \u03b5\u03ba\u03c0\u03ad\u03bc\u03c0\u03b5\u03b9 \u03c6\u03c9\u03c2 UV.\u00a0\u03a7\u03c1\u03b7\u03c3\u03b9\u03bc\u03bf\u03c0\u03bf\u03b9\u03ae\u03c3\u03c4\u03b5 \u03c4\u03bf\u03bd \u03b3\u03b9\u03b1 \u03bd\u03b1 \u03c3\u03c4\u03b5\u03b3\u03bd\u03ce\u03c3\u03b5\u03c4\u03b5 \u03bc\u03ad\u03c3\u03b1 \u03c3\u03b5 \u03bb\u03af\u03b3\u03b1 \u03bb\u03b5\u03c0\u03c4\u03ac \u03c4\u03b9\u03c2 \u03c1\u03b7\u03c4\u03af\u03bd\u03b5\u03c2 UV resins \u03c4\u03b7\u03c2 Pentart \u03ba\u03b1\u03b9 \u03c4\u03b7\u03bd \u03ba\u03cc\u03bb\u03bb\u03b1 UV glue \u03c4\u03b7\u03c2 Pentart.<\/li>\n<li>\u039f \u03c6\u03b1\u03ba\u03cc\u03c2 \u03b5\u03af\u03bd\u03b1\u03b9 \u03b9\u03b4\u03b1\u03bd\u03b9\u03ba\u03cc\u03c2 \u03b3\u03b9\u03b1 \u03bd\u03b1 \u03c3\u03c4\u03b5\u03b3\u03bd\u03ce\u03c3\u03b5\u03c4\u03b5 \u03bf\u03c0\u03bf\u03b9\u03bf\u03b4\u03ae\u03c0\u03bf\u03c4\u03b5 \u03c3\u03b7\u03bc\u03b5\u03af\u03bf, \u03b1\u03ba\u03cc\u03bc\u03b1 \u03ba\u03b1\u03b9 \u03bc\u03b9\u03ba\u03c1\u03cc, \u03c3\u03c4\u03bf \u03bf\u03c0\u03bf\u03af\u03bf \u03ad\u03c7\u03b5\u03c4\u03b5 \u03c7\u03c1\u03b7\u03c3\u03b9\u03bc\u03bf\u03c0\u03bf\u03b9\u03ae\u03c3\u03b5\u03b9 \u03c4\u03b7\u03bd \u03ba\u03cc\u03bb\u03bb\u03b1 UV glue \u03ba\u03b1\u03b9 \u03b3\u03b9\u03b1 \u03c3\u03c4\u03b5\u03b3\u03bd\u03ce\u03c3\u03b5\u03c4\u03b5 \u03bb\u03b5\u03c0\u03c4\u03ac \u03c3\u03c4\u03c1\u03ce\u03bc\u03b1\u03c4\u03b1 \u03c4\u03b7\u03c2 \u03c1\u03b7\u03c4\u03af\u03bd\u03b7\u03c2 UV resin.<\/li>\n<li>\u039f \u03c7\u03c1\u03c9\u03bc\u03b1\u03c4\u03b9\u03c3\u03bc\u03cc\u03c2 \u03c4\u03b7\u03c2 \u03c3\u03c5\u03c3\u03ba\u03b5\u03c5\u03ae\u03c2 \u03b5\u03af\u03bd\u03b1\u03b9 \u03c4\u03c5\u03c7\u03b1\u03af\u03bf\u03c2 \u03ba\u03b1\u03b9 \u03bc\u03c0\u03bf\u03c1\u03b5\u03af \u03bd\u03b1 \u03b4\u03b9\u03b1\u03c6\u03ad\u03c1\u03b5\u03b9 \u03b1\u03c0\u03cc \u03b1\u03c5\u03c4\u03cc\u03bd \u03c4\u03b7\u03c2 \u03c6\u03c9\u03c4\u03bf\u03b3\u03c1\u03b1\u03c6\u03af\u03b1\u03c2<\/li>\n<\/ul>\n<p>\u0394\u03b5\u03af\u03c4\u03b5 \u03c3\u03c4\u03bf \u03b2\u03af\u03bd\u03c4\u03b5\u03bf:<\/p>\n<p><iframe loading=\"lazy\" title=\"L\u00e1gy \u00e9s kem\u00e9ny UV gyanta \/\/ UV Resin Hard &amp; Soft\" src=\"https:\/\/www.youtube.com\/embed\/3nT9kgs4c60?feature=oembed\" width=\"500\" height=\"281\" frameborder=\"0\" allowfullscreen=\"allowfullscreen\" data-mce-fragment=\"1\"><\/iframe><\/p>","protected":false},"excerpt":{"rendered":"<p>\u0395\u03b9\u03b4\u03b9\u03ba\u03cc\u03c2 \u03c6\u03b1\u03ba\u03cc\u03c2 \u03c0\u03bf\u03c5 \u03b5\u03ba\u03c0\u03ad\u03bc\u03c0\u03b5\u03b9 \u03c6\u03c9\u03c2 UV<\/p>","protected":false},"featured_media":22366,"template":"","meta":[],"_links":{"self":[{"href":"https:\/\/www.kallitexneion.gr\/en\/wp-json\/wp\/v2\/product\/22365"}],"collection":[{"href":"https:\/\/www.kallitexneion.gr\/en\/wp-json\/wp\/v2\/product"}],"about":[{"href":"https:\/\/www.kallitexneion.gr\/en\/wp-json\/wp\/v2\/types\/product"}],"wp:featuredmedia":[{"embeddable":true,"href":"https:\/\/www.kallitexneion.gr\/en\/wp-json\/wp\/v2\/media\/22366"}],"wp:attachment":[{"href":"https:\/\/www.kallitexneion.gr\/en\/wp-json\/wp\/v2\/media?parent=22365"}],"curies":[{"name":"wp","href":"https:\/\/api.w.org\/{rel}","templated":true}]}}