{"id":10335,"date":"2022-04-29T11:12:20","date_gmt":"2022-04-29T11:12:20","guid":{"rendered":"https:\/\/www.kallitexneion.gr\/?post_type=product&#038;p=10335"},"modified":"2025-09-08T16:08:40","modified_gmt":"2025-09-08T16:08:40","slug":"rub-on-pigment-chrome-effect-metalliko-efe-pentart-05-gr-king-blue","status":"publish","type":"product","link":"https:\/\/www.kallitexneion.gr\/en\/p\/rub-on-pigment-chrome-effect-metalliko-efe-pentart-05-gr-king-blue\/","title":{"rendered":"Rub-on pigment Chrome Effect (\u03bc\u03b5\u03c4\u03b1\u03bb\u03bb\u03b9\u03ba\u03cc \u03b5\u03c6\u03ad) Pentart 0,5 gr, King blue"},"content":{"rendered":"<ul>\n<li>\u0395\u03bd\u03c4\u03c5\u03c0\u03c9\u03c3\u03b9\u03b1\u03ba\u03cc pigment \u03c3\u03b5 \u03c3\u03ba\u03cc\u03bd\u03b7 \u03bc\u03b5 \u03ad\u03bd\u03c4\u03bf\u03bd\u03bf \u03c7\u03c1\u03c9\u03bc\u03b1\u03c4\u03b9\u03ba\u03cc \u03bc\u03b5\u03c4\u03b1\u03bb\u03bb\u03b9\u03ba\u03cc \u03b5\u03c6\u03ad \u03c7\u03c1\u03c9\u03bc\u03af\u03bf\u03c5 (chrome effect)<\/li>\n<li>\u0395\u03c6\u03b1\u03c1\u03bc\u03cc\u03c3\u03c4\u03b5 \u03c4\u03b1 Chrome, rub-on pigment \u03c3\u03b5 \u03c4\u03b5\u03bb\u03b5\u03af\u03c9\u03c2 \u03bb\u03b5\u03af\u03b5\u03c2, \u03ba\u03b1\u03c4\u03ac \u03c0\u03c1\u03bf\u03c4\u03af\u03bc\u03b7\u03c3\u03b7 \u03c3\u03ba\u03bf\u03cd\u03c1\u03b5\u03c2 \u03b5\u03c0\u03b9\u03c6\u03ac\u03bd\u03b5\u03b9\u03b5\u03c2. \u0399\u03b4\u03b1\u03bd\u03b9\u03ba\u03ac \u03b3\u03b9\u03b1 \u03b5\u03c6\u03b1\u03c1\u03bc\u03bf\u03b3\u03ae \u03c3\u03b5 \u03b5\u03c0\u03b9\u03c6\u03ac\u03bd\u03b5\u03b9\u03b5\u03c2 \u03c0\u03bf\u03c5 \u03ad\u03c7\u03bf\u03c5\u03bd \u03c0\u03c1\u03bf\u03b5\u03c4\u03bf\u03b9\u03bc\u03b1\u03c3\u03c4\u03b5\u03af \u03bc\u03b5 \u03c4\u03bf Dipping Paint \u03c4\u03b7\u03c2 Pentart \u03ae \u03bc\u03b5 \u03c4\u03b1 \u03b7\u03bc\u03b9-\u03b3\u03c5\u03b1\u03bb\u03b9\u03c3\u03c4\u03b5\u03c1\u03ac \u03c7\u03c1\u03ce\u03bc\u03b1\u03c4\u03b1 Creamy Acrylic Paint.<\/li>\n<li>\u0395\u03c6\u03b1\u03c1\u03bc\u03cc\u03c3\u03c4\u03b5 \u03c4\u03b1 \u03c4\u03c1\u03af\u03b2\u03bf\u03bd\u03c4\u03b1\u03c2 \u03b1\u03c0\u03b1\u03bb\u03ac \u03bc\u03b5 \u03ba\u03c5\u03ba\u03bb\u03b9\u03ba\u03ad\u03c2 \u03ba\u03b9\u03bd\u03ae\u03c3\u03b5\u03b9\u03c2 \u03bc\u03b5 \u03c4\u03bf \u03b4\u03ac\u03c7\u03c4\u03c5\u03bb\u03cc \u03c3\u03b1\u03c2, \u03bc\u03b5 \u03c3\u03c0\u03b1\u03c4\u03bf\u03c5\u03bb\u03af\u03c4\u03c3\u03b1 \u03c3\u03b9\u03bb\u03b9\u03ba\u03cc\u03bd\u03b7\u03c2 \u03ae \u03bc\u03b5 \u03c3\u03c4\u03c1\u03bf\u03b3\u03b3\u03c5\u03bb\u03cc \u03c3\u03c6\u03bf\u03c5\u03b3\u03b3\u03b1\u03c1\u03ac\u03ba\u03b9.<\/li>\n<li>\u03a4\u03b1 Chrome, rub-on pigment \u03b5\u03af\u03bd\u03b1\u03b9 \u03b9\u03b4\u03b1\u03bd\u03b9\u03ba\u03ac \u03b3\u03b9\u03b1 \u03bd\u03b1 \u03c3\u03c5\u03bd\u03b4\u03c5\u03b1\u03c3\u03c4\u03bf\u03cd\u03bc\u03b5 \u03bc\u03b5 \u03c1\u03b7\u03c4\u03af\u03bd\u03b5\u03c2 \u03b3\u03b9\u03b1 \u03bd\u03b1 \u03c7\u03c1\u03c9\u03bc\u03b1\u03c4\u03b9\u03c3\u03c4\u03bf\u03cd\u03bd \u03ba\u03b1\u03b9 \u03bd\u03b1 \u03b4\u03ce\u03c3\u03bf\u03c5\u03bd \u03ad\u03bd\u03b1 \u03c5\u03c0\u03ad\u03c1\u03bf\u03c7\u03bf \u03c7\u03c1\u03ce\u03bc\u03b1. \u039c\u03c0\u03bf\u03c1\u03b5\u03af\u03c4\u03b5 \u03bd\u03b1 \u03c4\u03bf\u03c0\u03bf\u03b8\u03b5\u03c4\u03ae\u03c3\u03b5\u03c4\u03b5 \u03c4\u03b1 Chrome, rub-on pigment \u03bc\u03ad\u03c3\u03b1 \u03c3\u03c4\u03bf \u03bc\u03af\u03b3\u03bc\u03b1 \u03c4\u03b7\u03c2 \u03c1\u03b7\u03c4\u03af\u03bd\u03b7\u03c2 \u03c0\u03c1\u03b9\u03bd \u03c4\u03bf \u03c1\u03af\u03be\u03b5\u03c4\u03b5 \u03c3\u03c4\u03bf \u03ba\u03b1\u03bb\u03bf\u03cd\u03c0\u03b9 \u03ae \u03bd\u03b1 \u03c4\u03bf \u03c7\u03c1\u03c9\u03bc\u03b1\u03c4\u03af\u03c3\u03b5\u03c4\u03b5 \u03c3\u03c4\u03b7 \u03c3\u03c5\u03bd\u03ad\u03c7\u03b5\u03b9\u03b1 \u03b1\u03c0\u03cc \u03c0\u03ac\u03bd\u03c9.<\/li>\n<li>\u039c\u03c0\u03bf\u03c1\u03b5\u03af\u03c4\u03b5 \u03b5\u03c0\u03af\u03c3\u03b7\u03c2 \u03bd\u03b1 \u03b1\u03bd\u03b1\u03bc\u03b5\u03af\u03be\u03b5\u03c4\u03b5 \u03c4\u03b1 Chrome, rub-on pigment \u03bc\u03b5 \u03b4\u03b9\u03ac\u03c6\u03b1\u03bd\u03b1 medium \u03b3\u03b9\u03b1 \u03bd\u03b1 \u03c4\u03b1 \u03c7\u03c1\u03c9\u03bc\u03b1\u03c4\u03af\u03c3\u03b5\u03c4\u03b5, \u03cc\u03c0\u03c9\u03c2 Heavy Body Gel, Pouring Glaze.<\/li>\n<li>\u0393\u03b9\u03b1 \u03bd\u03b1 \u03c0\u03c1\u03bf\u03c3\u03c4\u03b1\u03c4\u03ad\u03c8\u03b5\u03c4\u03b5 \u03c4\u03b7\u03bd \u03b5\u03c0\u03b9\u03c6\u03ac\u03bd\u03b5\u03b9\u03b1 \u03bf\u03bb\u03bf\u03ba\u03bb\u03b7\u03c1\u03ce\u03c3\u03c4\u03b5 \u03c4\u03bf \u03ad\u03c1\u03b3\u03bf \u03bc\u03b5 \u03ba\u03ac\u03c0\u03bf\u03b9\u03bf \u03b2\u03b5\u03c1\u03bd\u03af\u03ba\u03b9 \u03bd\u03b5\u03c1\u03bf\u03cd.<\/li>\n<li><strong>TIP<\/strong>: \u0393\u03b9\u03b1 \u03bd\u03b1 \u03b5\u03c6\u03b1\u03c1\u03bc\u03cc\u03c3\u03b5\u03c4\u03b5 \u03c0\u03b9\u03bf \u03b5\u03cd\u03ba\u03bf\u03bb\u03b1 \u03c4\u03b1 pigment \u03b5\u03c6\u03b1\u03c1\u03bc\u03cc\u03c3\u03c4\u03b5 \u03c0\u03c1\u03ce\u03c4\u03b1 \u03c3\u03c4\u03b9\u03c2 \u03ac\u03ba\u03c1\u03b5\u03c2 \u03c4\u03c9\u03bd \u03b4\u03b1\u03ba\u03c4\u03cd\u03bb\u03c9\u03bd \u03c3\u03b1\u03c2 \u03ae \u03c4\u03b7\u03c2 \u03c3\u03c0\u03b1\u03c4\u03bf\u03c5\u03bb\u03af\u03c4\u03c3\u03b1\u03c2 \u03ae \u03c4\u03bf\u03c5 \u03c3\u03c6\u03bf\u03c5\u03b3\u03b3\u03b1\u03c1\u03b9\u03bf\u03cd \u03bb\u03af\u03b3\u03bf \u03b4\u03b9\u03b1\u03c6\u03b1\u03bd\u03ad\u03c2 \u03ba\u03b5\u03c1\u03af.<\/li>\n<\/ul>\n<p><iframe loading=\"lazy\" id=\"widget2\" title=\"Rub-on pigment, Kr\u00f3m hat\u00e1s\u00fa sz\u00ednek \/\/ Chrome Rub-on Pigment\" src=\"https:\/\/www.youtube.com\/embed\/StFaVFIYXbs?feature=oembed&amp;enablejsapi=1&amp;origin=https:%2F%2Fwww.decomagia.gr\" width=\"500\" height=\"281\" frameborder=\"0\" allowfullscreen=\"allowfullscreen\" data-mce-fragment=\"1\"><\/iframe><\/p>","protected":false},"excerpt":{"rendered":"<p>\u0395\u03bd\u03c4\u03c5\u03c0\u03c9\u03c3\u03b9\u03b1\u03ba\u03cc pigment \u03c3\u03b5 \u03c3\u03ba\u03cc\u03bd\u03b7 \u03bc\u03b5 \u03ad\u03bd\u03c4\u03bf\u03bd\u03bf \u03c7\u03c1\u03c9\u03bc\u03b1\u03c4\u03b9\u03ba\u03cc \u03bc\u03b5\u03c4\u03b1\u03bb\u03bb\u03b9\u03ba\u03cc \u03b5\u03c6\u03ad \u03c7\u03c1\u03c9\u03bc\u03af\u03bf\u03c5 (chrome effect) \u0395\u03c6\u03b1\u03c1\u03bc\u03cc\u03c3\u03c4\u03b5 \u03c4\u03b1 Chrome, rub-on pigment \u03c3\u03b5 \u03c4\u03b5\u03bb\u03b5\u03af\u03c9\u03c2 \u03bb\u03b5\u03af\u03b5\u03c2, \u03ba\u03b1\u03c4\u03ac \u03c0\u03c1\u03bf\u03c4\u03af\u03bc\u03b7\u03c3\u03b7 \u03c3\u03ba\u03bf\u03cd\u03c1\u03b5\u03c2 \u03b5\u03c0\u03b9\u03c6\u03ac\u03bd\u03b5\u03b9\u03b5\u03c2. \u0399\u03b4\u03b1\u03bd\u03b9\u03ba\u03ac \u03b3\u03b9\u03b1 \u03b5\u03c6\u03b1\u03c1\u03bc\u03bf\u03b3\u03ae \u03c3\u03b5 \u03b5\u03c0\u03b9\u03c6\u03ac\u03bd\u03b5\u03b9\u03b5\u03c2 \u03c0\u03bf\u03c5 \u03ad\u03c7\u03bf\u03c5\u03bd \u03c0\u03c1\u03bf\u03b5\u03c4\u03bf\u03b9\u03bc\u03b1\u03c3\u03c4\u03b5\u03af \u03bc\u03b5 \u03c4\u03bf Dipping Paint \u03c4\u03b7\u03c2 Pentart \u03ae \u03bc\u03b5 \u03c4\u03b1 \u03b7\u03bc\u03b9-\u03b3\u03c5\u03b1\u03bb\u03b9\u03c3\u03c4\u03b5\u03c1\u03ac \u03c7\u03c1\u03ce\u03bc\u03b1\u03c4\u03b1 Creamy Acrylic Paint. \u0395\u03c6\u03b1\u03c1\u03bc\u03cc\u03c3\u03c4\u03b5 \u03c4\u03b1 \u03c4\u03c1\u03af\u03b2\u03bf\u03bd\u03c4\u03b1\u03c2 \u03b1\u03c0\u03b1\u03bb\u03ac \u03bc\u03b5 \u03ba\u03c5\u03ba\u03bb\u03b9\u03ba\u03ad\u03c2 \u03ba\u03b9\u03bd\u03ae\u03c3\u03b5\u03b9\u03c2 \u03bc\u03b5 \u03c4\u03bf [&hellip;]<\/p>","protected":false},"featured_media":10336,"template":"","meta":[],"_links":{"self":[{"href":"https:\/\/www.kallitexneion.gr\/en\/wp-json\/wp\/v2\/product\/10335"}],"collection":[{"href":"https:\/\/www.kallitexneion.gr\/en\/wp-json\/wp\/v2\/product"}],"about":[{"href":"https:\/\/www.kallitexneion.gr\/en\/wp-json\/wp\/v2\/types\/product"}],"wp:featuredmedia":[{"embeddable":true,"href":"https:\/\/www.kallitexneion.gr\/en\/wp-json\/wp\/v2\/media\/10336"}],"wp:attachment":[{"href":"https:\/\/www.kallitexneion.gr\/en\/wp-json\/wp\/v2\/media?parent=10335"}],"curies":[{"name":"wp","href":"https:\/\/api.w.org\/{rel}","templated":true}]}}